{"id":10,"date":"2026-01-20T17:21:37","date_gmt":"2026-01-20T16:21:37","guid":{"rendered":"https:\/\/projekt.kocia-oaza.com.pl\/?page_id=10"},"modified":"2026-01-21T13:41:33","modified_gmt":"2026-01-21T12:41:33","slug":"oferta","status":"publish","type":"page","link":"https:\/\/projekt.kocia-oaza.com.pl\/index.php\/oferta\/","title":{"rendered":"Oferta"},"content":{"rendered":"\t\t<div data-elementor-type=\"wp-page\" data-elementor-id=\"10\" class=\"elementor elementor-10\" data-elementor-post-type=\"page\">\n\t\t\t\t<div class=\"elementor-element elementor-element-314afa7f e-flex e-con-boxed e-con e-parent\" data-id=\"314afa7f\" data-element_type=\"container\">\n\t\t\t\t\t<div class=\"e-con-inner\">\n\t\t\t\t<div class=\"elementor-element elementor-element-81ed80f elementor-widget elementor-widget-price-list\" data-id=\"81ed80f\" data-element_type=\"widget\" data-widget_type=\"price-list.default\">\n\t\t\t\t\t\n\t\t<ul class=\"elementor-price-list\">\n\n\t\t\t\t\t\t\t\t\t<li><a class=\"elementor-price-list-item\" href=\"#\">\t\t\t\t\n\t\t\t\t<div class=\"elementor-price-list-text\">\n\t\t\t\t\t\t\t\t\t<div class=\"elementor-price-list-header\">\n\t\t\t\t\t\t\t\t\t\t\t<span class=\"elementor-price-list-title\">\n\t\t\t\t\t\t\tWej\u015bcie normalne \t\t\t\t\t\t<\/span>\n\t\t\t\t\t\t\t\t\t\t\t\t\t\t\t\t\t\t<span class=\"elementor-price-list-separator\"><\/span>\n\t\t\t\t\t\t\t\t\t\t\t\t\t\t\t\t\t\t\t<span class=\"elementor-price-list-price\">40 z\u0142<\/span>\n\t\t\t\t\t\t\t\t\t\t<\/div>\n\t\t\t\t\t\t\t\t\t\t\t\t\t\t\t<p class=\"elementor-price-list-description\">\n\t\t\t\t\t\t\tSprz\u0119t dost\u0119pny na miejscu w cenie\t\t\t\t\t\t<\/p>\n\t\t\t\t\t\t\t\t<\/div>\n\t\t\t\t<\/a><\/li>\t\t\t\t\t\t\t\t\t\t\t\t<li><a class=\"elementor-price-list-item\" href=\"#\">\t\t\t\t\n\t\t\t\t<div class=\"elementor-price-list-text\">\n\t\t\t\t\t\t\t\t\t<div class=\"elementor-price-list-header\">\n\t\t\t\t\t\t\t\t\t\t\t<span class=\"elementor-price-list-title\">\n\t\t\t\t\t\t\tWej\u015bcie ulgowe (uczniowie, studenci)\t\t\t\t\t\t<\/span>\n\t\t\t\t\t\t\t\t\t\t\t\t\t\t\t\t\t\t<span class=\"elementor-price-list-separator\"><\/span>\n\t\t\t\t\t\t\t\t\t\t\t\t\t\t\t\t\t\t\t<span class=\"elementor-price-list-price\"> 30 z\u0142<\/span>\n\t\t\t\t\t\t\t\t\t\t<\/div>\n\t\t\t\t\t\t\t\t\t\t\t\t\t\t\t<p class=\"elementor-price-list-description\">\n\t\t\t\t\t\t\tSprz\u0119t dost\u0119pny na miejscu w cenie\t\t\t\t\t\t<\/p>\n\t\t\t\t\t\t\t\t<\/div>\n\t\t\t\t<\/a><\/li>\t\t\t\t\t\t\t\t\t\t\t\t<li><a class=\"elementor-price-list-item\" href=\"#\">\t\t\t\t\n\t\t\t\t<div class=\"elementor-price-list-text\">\n\t\t\t\t\t\t\t\t\t<div class=\"elementor-price-list-header\">\n\t\t\t\t\t\t\t\t\t\t\t<span class=\"elementor-price-list-title\">\n\t\t\t\t\t\t\tWej\u015bcie dzieci (do 12 lat) \t\t\t\t\t\t<\/span>\n\t\t\t\t\t\t\t\t\t\t\t\t\t\t\t\t\t\t<span class=\"elementor-price-list-separator\"><\/span>\n\t\t\t\t\t\t\t\t\t\t\t\t\t\t\t\t\t\t\t<span class=\"elementor-price-list-price\">25 z\u0142<\/span>\n\t\t\t\t\t\t\t\t\t\t<\/div>\n\t\t\t\t\t\t\t\t\t\t\t\t\t\t\t<p class=\"elementor-price-list-description\">\n\t\t\t\t\t\t\tSprz\u0119t dost\u0119pny na miejscu w cenie\t\t\t\t\t\t<\/p>\n\t\t\t\t\t\t\t\t<\/div>\n\t\t\t\t<\/a><\/li>\t\t\t\t\t\n\t\t<\/ul>\n\n\t\t\t\t\t\t<\/div>\n\t\t\t\t<div class=\"elementor-element elementor-element-fb57a18 elementor-widget elementor-widget-price-list\" data-id=\"fb57a18\" data-element_type=\"widget\" data-widget_type=\"price-list.default\">\n\t\t\t\t\t\n\t\t<ul class=\"elementor-price-list\">\n\n\t\t\t\t\t\t\t\t\t<li><a class=\"elementor-price-list-item\" href=\"#\">\t\t\t\t\n\t\t\t\t<div class=\"elementor-price-list-text\">\n\t\t\t\t\t\t\t\t\t<div class=\"elementor-price-list-header\">\n\t\t\t\t\t\t\t\t\t\t\t<span class=\"elementor-price-list-title\">\n\t\t\t\t\t\t\tKarnet 5 wej\u015b\u0107\t\t\t\t\t\t<\/span>\n\t\t\t\t\t\t\t\t\t\t\t\t\t\t\t\t\t\t<span class=\"elementor-price-list-separator\"><\/span>\n\t\t\t\t\t\t\t\t\t\t\t\t\t\t\t\t\t\t\t<span class=\"elementor-price-list-price\">180 z\u0142<\/span>\n\t\t\t\t\t\t\t\t\t\t<\/div>\n\t\t\t\t\t\t\t\t\t\t\t\t\t\t\t<p class=\"elementor-price-list-description\">\n\t\t\t\t\t\t\tKarnety wa\u017cne 3 miesi\u0105ce\t\t\t\t\t\t<\/p>\n\t\t\t\t\t\t\t\t<\/div>\n\t\t\t\t<\/a><\/li>\t\t\t\t\t\t\t\t\t\t\t\t<li><a class=\"elementor-price-list-item\" href=\"#\">\t\t\t\t\n\t\t\t\t<div class=\"elementor-price-list-text\">\n\t\t\t\t\t\t\t\t\t<div class=\"elementor-price-list-header\">\n\t\t\t\t\t\t\t\t\t\t\t<span class=\"elementor-price-list-title\">\n\t\t\t\t\t\t\tKarnet miesi\u0119czny ulgowy\t\t\t\t\t\t<\/span>\n\t\t\t\t\t\t\t\t\t\t\t\t\t\t\t\t\t\t<span class=\"elementor-price-list-separator\"><\/span>\n\t\t\t\t\t\t\t\t\t\t\t\t\t\t\t\t\t\t\t<span class=\"elementor-price-list-price\">180 z\u0142<\/span>\n\t\t\t\t\t\t\t\t\t\t<\/div>\n\t\t\t\t\t\t\t\t\t\t\t\t<\/div>\n\t\t\t\t<\/a><\/li>\t\t\t\t\t\t\t\t\t\t\t\t<li><a class=\"elementor-price-list-item\" href=\"#\">\t\t\t\t\n\t\t\t\t<div class=\"elementor-price-list-text\">\n\t\t\t\t\t\t\t\t\t<div class=\"elementor-price-list-header\">\n\t\t\t\t\t\t\t\t\t\t\t<span class=\"elementor-price-list-title\">\n\t\t\t\t\t\t\tKurs asekuracji \t\t\t\t\t\t<\/span>\n\t\t\t\t\t\t\t\t\t\t\t\t\t\t\t\t\t\t<span class=\"elementor-price-list-separator\"><\/span>\n\t\t\t\t\t\t\t\t\t\t\t\t\t\t\t\t\t\t\t<span class=\"elementor-price-list-price\">150 z\u0142<\/span>\n\t\t\t\t\t\t\t\t\t\t<\/div>\n\t\t\t\t\t\t\t\t\t\t\t\t<\/div>\n\t\t\t\t<\/a><\/li>\t\t\t\t\t\n\t\t<\/ul>\n\n\t\t\t\t\t\t<\/div>\n\t\t\t\t<div class=\"elementor-element elementor-element-fdcd9fb elementor-widget elementor-widget-image\" data-id=\"fdcd9fb\" data-element_type=\"widget\" data-widget_type=\"image.default\">\n\t\t\t\t\t\t\t\t\t\t\t\t\t\t\t<img fetchpriority=\"high\" decoding=\"async\" width=\"768\" height=\"512\" src=\"https:\/\/projekt.kocia-oaza.com.pl\/wp-content\/uploads\/2026\/01\/pexels-enric-cruz-lopez-6642526-768x512.jpg\" class=\"attachment-medium_large size-medium_large wp-image-68\" alt=\"\" srcset=\"https:\/\/projekt.kocia-oaza.com.pl\/wp-content\/uploads\/2026\/01\/pexels-enric-cruz-lopez-6642526-768x512.jpg 768w, https:\/\/projekt.kocia-oaza.com.pl\/wp-content\/uploads\/2026\/01\/pexels-enric-cruz-lopez-6642526-300x200.jpg 300w, https:\/\/projekt.kocia-oaza.com.pl\/wp-content\/uploads\/2026\/01\/pexels-enric-cruz-lopez-6642526-1024x683.jpg 1024w, https:\/\/projekt.kocia-oaza.com.pl\/wp-content\/uploads\/2026\/01\/pexels-enric-cruz-lopez-6642526-1536x1024.jpg 1536w, https:\/\/projekt.kocia-oaza.com.pl\/wp-content\/uploads\/2026\/01\/pexels-enric-cruz-lopez-6642526-2048x1365.jpg 2048w\" sizes=\"(max-width: 768px) 100vw, 768px\" \/>\t\t\t\t\t\t\t\t\t\t\t\t\t\t\t<\/div>\n\t\t\t\t<div class=\"elementor-element elementor-element-917a75d elementor-widget elementor-widget-text-editor\" data-id=\"917a75d\" data-element_type=\"widget\" data-widget_type=\"text-editor.default\">\n\t\t\t\t\t\t\t\t\t<p data-start=\"232\" data-end=\"506\">W \u201ePod sufitem\u201d stworzyli\u015bmy przestrze\u0144, w kt\u00f3rej ka\u017cdy mo\u017ce spr\u00f3bowa\u0107 wspinaczki \u2013 niezale\u017cnie od wieku, kondycji czy do\u015bwiadczenia. Industrialne wn\u0119trze starego magazynu, zr\u00f3\u017cnicowane trasy i profesjonalna opieka sprawiaj\u0105, \u017ce ka\u017cda wizyta to nowe wyzwanie i dobra zabawa.<\/p>\n<hr data-start=\"508\" data-end=\"511\" \/>\n<h3 data-start=\"513\" data-end=\"538\"><strong data-start=\"517\" data-end=\"538\">Wspinaczka z lin\u0105<\/strong><\/h3>\n<p data-start=\"540\" data-end=\"800\">Strefa wspinaczki z lin\u0105 to serce naszej hali. Oferujemy wysokie \u015bciany z trasami o r\u00f3\u017cnym stopniu trudno\u015bci, regularnie zmieniane przez do\u015bwiadczonych routesetter\u00f3w.<br data-start=\"706\" data-end=\"709\" \/>To idealne miejsce zar\u00f3wno na spokojny trening techniki, jak i intensywne wspinanie si\u0142owe.<\/p>\n<p data-start=\"802\" data-end=\"887\"><strong data-start=\"802\" data-end=\"815\">Dla kogo?<\/strong><br data-start=\"815\" data-end=\"818\" \/>Dla pocz\u0105tkuj\u0105cych, \u015bredniozaawansowanych i zaawansowanych wspinaczy.<\/p>\n<hr data-start=\"889\" data-end=\"892\" \/>\n<h3 data-start=\"894\" data-end=\"912\"><strong data-start=\"898\" data-end=\"912\">Bouldering<\/strong><\/h3>\n<p data-start=\"914\" data-end=\"1165\">Bouldering to wspinaczka bez lin na ni\u017cszych \u015bcianach, z asekuracj\u0105 w postaci materacy. Kr\u00f3tkie, techniczne problemy pozwalaj\u0105 trenowa\u0107 si\u0142\u0119, r\u00f3wnowag\u0119 i kreatywno\u015b\u0107 ruchu.<br data-start=\"1086\" data-end=\"1089\" \/>To \u015bwietna forma treningu oraz idealny spos\u00f3b na szybki, intensywny wysi\u0142ek.<\/p>\n<p data-start=\"1167\" data-end=\"1254\"><strong data-start=\"1167\" data-end=\"1180\">Dla kogo?<\/strong><br data-start=\"1180\" data-end=\"1183\" \/>Dla ka\u017cdego \u2014 r\u00f3wnie\u017c dla os\u00f3b, kt\u00f3re nigdy wcze\u015bniej si\u0119 nie wspina\u0142y.<\/p>\n<hr data-start=\"1256\" data-end=\"1259\" \/>\n<h3 data-start=\"1261\" data-end=\"1295\"><strong data-start=\"1265\" data-end=\"1295\">Zaj\u0119cia dla pocz\u0105tkuj\u0105cych<\/strong><\/h3>\n<p data-start=\"1297\" data-end=\"1496\">Je\u015bli dopiero zaczynasz swoj\u0105 przygod\u0119 ze wspinaniem, nasze zaj\u0119cia wprowadzaj\u0105ce s\u0105 idealnym wyborem. Instruktorzy krok po kroku poka\u017c\u0105 podstawy techniki, zasady bezpiecze\u0144stwa oraz obs\u0142ug\u0119 sprz\u0119tu.<\/p>\n<p data-start=\"1498\" data-end=\"1589\"><strong data-start=\"1498\" data-end=\"1515\">Co zyskujesz?<\/strong><br data-start=\"1515\" data-end=\"1518\" \/>Pewno\u015b\u0107 siebie, solidne podstawy i komfort podczas samodzielnych wej\u015b\u0107.<\/p>\n<hr data-start=\"1591\" data-end=\"1594\" \/>\n<h3 data-start=\"1596\" data-end=\"1633\"><strong data-start=\"1600\" data-end=\"1633\">Zaj\u0119cia i treningi dla dzieci<\/strong><\/h3>\n<p data-start=\"1635\" data-end=\"1840\">Prowadzimy regularne zaj\u0119cia dla dzieci w r\u00f3\u017cnym wieku. Wspinaczka rozwija koordynacj\u0119, si\u0142\u0119, koncentracj\u0119 i uczy pracy nad w\u0142asnymi mo\u017cliwo\u015bciami. Wszystko odbywa si\u0119 w bezpiecznej, przyjaznej atmosferze.<\/p>\n<p data-start=\"1842\" data-end=\"1912\"><strong data-start=\"1842\" data-end=\"1861\">Dlaczego warto?<\/strong><br data-start=\"1861\" data-end=\"1864\" \/>To aktywno\u015b\u0107, kt\u00f3ra \u0142\u0105czy ruch, zabaw\u0119 i rozw\u00f3j.<\/p>\n<hr data-start=\"1914\" data-end=\"1917\" \/>\n<h3 data-start=\"1919\" data-end=\"1943\"><strong data-start=\"1923\" data-end=\"1943\">Kursy asekuracji<\/strong><\/h3>\n<p data-start=\"1945\" data-end=\"2125\">Kurs asekuracji przygotowuje do samodzielnego i bezpiecznego korzystania ze \u015bciany. Uczestnicy poznaj\u0105 zasady wi\u0105zania w\u0119z\u0142\u00f3w, obs\u0142ugi sprz\u0119tu oraz prawid\u0142owej asekuracji partnera.<\/p>\n<p data-start=\"2127\" data-end=\"2193\"><strong data-start=\"2127\" data-end=\"2141\">Po kursie:<\/strong><br data-start=\"2141\" data-end=\"2144\" \/>Mo\u017cesz wspina\u0107 si\u0119 samodzielnie i bez ogranicze\u0144.<\/p>\n<hr data-start=\"2195\" data-end=\"2198\" \/>\n<h3 data-start=\"2200\" data-end=\"2244\"><strong data-start=\"2204\" data-end=\"2244\">Eventy, urodziny i spotkania firmowe<\/strong><\/h3>\n<p data-start=\"2246\" data-end=\"2446\">\u201ePod sufitem\u201d to tak\u017ce \u015bwietne miejsce na organizacj\u0119 urodzin, integracji firmowych i wydarze\u0144 specjalnych. Oferujemy opiek\u0119 instruktor\u00f3w, sprz\u0119t oraz niezapomnian\u0105 atmosfer\u0119 w industrialnym klimacie.<\/p>\n<p data-start=\"2448\" data-end=\"2528\"><strong data-start=\"2448\" data-end=\"2461\">Dla kogo?<\/strong><br data-start=\"2461\" data-end=\"2464\" \/>Dla firm, grup znajomych i rodzin szukaj\u0105cych aktywnej rozrywki.<\/p>\n<p>Lorem ipsum dolor sit amet, consectetur adipiscing elit. Ut elit tellus, luctus nec ullamcorper mattis, pulvinar dapibus leo.<\/p>\t\t\t\t\t\t\t\t<\/div>\n\t\t\t\t\t<\/div>\n\t\t\t\t<\/div>\n\t\t<div class=\"elementor-element elementor-element-7a37eb0 e-flex e-con-boxed e-con e-parent\" data-id=\"7a37eb0\" data-element_type=\"container\">\n\t\t\t\t\t<div class=\"e-con-inner\">\n\t\t\t\t\t<\/div>\n\t\t\t\t<\/div>\n\t\t\t\t<\/div>\n\t\t","protected":false},"excerpt":{"rendered":"<p>Wej\u015bcie normalne 40 z\u0142 Sprz\u0119t dost\u0119pny na miejscu w cenie Wej\u015bcie ulgowe (uczniowie, studenci) 30 z\u0142 Sprz\u0119t dost\u0119pny na miejscu w cenie Wej\u015bcie dzieci (do 12 lat) 25 z\u0142 Sprz\u0119t dost\u0119pny na miejscu w cenie Karnet 5 wej\u015b\u0107 180 z\u0142 Karnety wa\u017cne 3 miesi\u0105ce Karnet miesi\u0119czny ulgowy 180 z\u0142 Kurs asekuracji 150 z\u0142 W \u201ePod [&hellip;]<\/p>\n","protected":false},"author":1,"featured_media":0,"parent":0,"menu_order":0,"comment_status":"closed","ping_status":"closed","template":"","meta":{"footnotes":""},"class_list":["post-10","page","type-page","status-publish","hentry"],"_links":{"self":[{"href":"https:\/\/projekt.kocia-oaza.com.pl\/index.php\/wp-json\/wp\/v2\/pages\/10","targetHints":{"allow":["GET"]}}],"collection":[{"href":"https:\/\/projekt.kocia-oaza.com.pl\/index.php\/wp-json\/wp\/v2\/pages"}],"about":[{"href":"https:\/\/projekt.kocia-oaza.com.pl\/index.php\/wp-json\/wp\/v2\/types\/page"}],"author":[{"embeddable":true,"href":"https:\/\/projekt.kocia-oaza.com.pl\/index.php\/wp-json\/wp\/v2\/users\/1"}],"replies":[{"embeddable":true,"href":"https:\/\/projekt.kocia-oaza.com.pl\/index.php\/wp-json\/wp\/v2\/comments?post=10"}],"version-history":[{"count":7,"href":"https:\/\/projekt.kocia-oaza.com.pl\/index.php\/wp-json\/wp\/v2\/pages\/10\/revisions"}],"predecessor-version":[{"id":71,"href":"https:\/\/projekt.kocia-oaza.com.pl\/index.php\/wp-json\/wp\/v2\/pages\/10\/revisions\/71"}],"wp:attachment":[{"href":"https:\/\/projekt.kocia-oaza.com.pl\/index.php\/wp-json\/wp\/v2\/media?parent=10"}],"curies":[{"name":"wp","href":"https:\/\/api.w.org\/{rel}","templated":true}]}}