{"id":29,"date":"2026-01-20T15:51:54","date_gmt":"2026-01-20T14:51:54","guid":{"rendered":"https:\/\/projekt.kocia-oaza.com.pl\/index.php\/o-nas-2\/"},"modified":"2026-01-30T16:39:17","modified_gmt":"2026-01-30T15:39:17","slug":"o-nas-2","status":"publish","type":"page","link":"https:\/\/projekt.kocia-oaza.com.pl\/index.php\/o-nas-2\/","title":{"rendered":"O nas"},"content":{"rendered":"\t\t<div data-elementor-type=\"wp-page\" data-elementor-id=\"29\" class=\"elementor elementor-29\" data-elementor-post-type=\"page\">\n\t\t\t\t<div class=\"elementor-element elementor-element-80d232e e-flex e-con-boxed e-con e-parent\" data-id=\"80d232e\" data-element_type=\"container\">\n\t\t\t\t\t<div class=\"e-con-inner\">\n\t\t\t\t<div class=\"elementor-element elementor-element-16fa2c7 elementor-widget elementor-widget-image\" data-id=\"16fa2c7\" data-element_type=\"widget\" data-widget_type=\"image.default\">\n\t\t\t\t\t\t\t\t\t\t\t\t\t\t\t<img fetchpriority=\"high\" decoding=\"async\" width=\"1024\" height=\"682\" src=\"https:\/\/projekt.kocia-oaza.com.pl\/wp-content\/uploads\/2026\/01\/forest-climbing-park-931256_1280-1024x682.jpg\" class=\"attachment-large size-large wp-image-123\" alt=\"\" srcset=\"https:\/\/projekt.kocia-oaza.com.pl\/wp-content\/uploads\/2026\/01\/forest-climbing-park-931256_1280-1024x682.jpg 1024w, https:\/\/projekt.kocia-oaza.com.pl\/wp-content\/uploads\/2026\/01\/forest-climbing-park-931256_1280-300x200.jpg 300w, https:\/\/projekt.kocia-oaza.com.pl\/wp-content\/uploads\/2026\/01\/forest-climbing-park-931256_1280-768x512.jpg 768w, https:\/\/projekt.kocia-oaza.com.pl\/wp-content\/uploads\/2026\/01\/forest-climbing-park-931256_1280.jpg 1280w\" sizes=\"(max-width: 1024px) 100vw, 1024px\" \/>\t\t\t\t\t\t\t\t\t\t\t\t\t\t\t<\/div>\n\t\t\t\t<div class=\"elementor-element elementor-element-1ac2b05 elementor-widget elementor-widget-text-editor\" data-id=\"1ac2b05\" data-element_type=\"widget\" data-widget_type=\"text-editor.default\">\n\t\t\t\t\t\t\t\t\t<h3 data-start=\"214\" data-end=\"266\"><strong data-start=\"218\" data-end=\"266\">Historia miejsca, kt\u00f3re dosta\u0142o drugie \u017cycie<\/strong><\/h3><p data-start=\"268\" data-end=\"562\">\u201ePod sufitem\u201d powsta\u0142o w przestrzeni starego magazynu, kt\u00f3ry przez lata by\u0142 niemym \u015bwiadkiem przemys\u0142owej historii miasta. Wysokie sufity, surowe \u015bciany i stalowe konstrukcje kiedy\u015b s\u0142u\u017cy\u0142y logistyce i pracy fizycznej. Dzi\u015b ta sama przestrze\u0144 wype\u0142nia si\u0119 ruchem, energi\u0105 i pasj\u0105 do wspinaczki.<\/p><p data-start=\"564\" data-end=\"857\">Pomys\u0142 na stworzenie \u015bcianki wspinaczkowej narodzi\u0142 si\u0119 z mi\u0142o\u015bci do wspinania oraz potrzeby miejsca, kt\u00f3re b\u0119dzie inne ni\u017c wszystkie \u2014 autentyczne, z charakterem i dusz\u0105. Zamiast burzy\u0107 i budowa\u0107 od nowa, postanowili\u015bmy zachowa\u0107 industrialny klimat magazynu, nadaj\u0105c mu zupe\u0142nie now\u0105 funkcj\u0119.<\/p><hr data-start=\"859\" data-end=\"862\" \/><h3 data-start=\"864\" data-end=\"915\"><strong data-start=\"868\" data-end=\"915\">Od pustej hali do wspinaczkowej przestrzeni<\/strong><\/h3><p data-start=\"917\" data-end=\"1231\">Adaptacja starego magazynu nie by\u0142a prostym zadaniem. Wymaga\u0142a czasu, pracy i dba\u0142o\u015bci o ka\u017cdy detal \u2014 od wzmocnienia konstrukcji, przez projekt \u015bcian, a\u017c po stworzenie bezpiecznego zaplecza treningowego.<br data-start=\"1121\" data-end=\"1124\" \/>Ka\u017cdy element \u201ePod sufitem\u201d zosta\u0142 zaprojektowany tak, aby \u0142\u0105czy\u0107 funkcjonalno\u015b\u0107 z surow\u0105 estetyk\u0105 miejsca.<\/p><p data-start=\"1233\" data-end=\"1305\">Dzi\u015b jeste\u015bmy dumni, \u017ce magazyn zn\u00f3w t\u0119tni \u017cyciem \u2014 tym razem sportowym.<\/p><p data-start=\"2773\" data-end=\"2941\">\u00a0<\/p>\t\t\t\t\t\t\t\t<\/div>\n\t\t\t\t\t<\/div>\n\t\t\t\t<\/div>\n\t\t<div class=\"elementor-element elementor-element-b23f0ef e-flex e-con-boxed e-con e-parent\" data-id=\"b23f0ef\" data-element_type=\"container\">\n\t\t\t\t\t<div class=\"e-con-inner\">\n\t\t\t\t<div class=\"elementor-element elementor-element-0269c74 elementor-widget elementor-widget-image\" data-id=\"0269c74\" data-element_type=\"widget\" data-widget_type=\"image.default\">\n\t\t\t\t\t\t\t\t\t\t\t\t\t\t\t<img decoding=\"async\" width=\"1024\" height=\"768\" src=\"https:\/\/projekt.kocia-oaza.com.pl\/wp-content\/uploads\/2026\/01\/ships-256209_1280-1024x768.jpg\" class=\"attachment-large size-large wp-image-59\" alt=\"\" srcset=\"https:\/\/projekt.kocia-oaza.com.pl\/wp-content\/uploads\/2026\/01\/ships-256209_1280-1024x768.jpg 1024w, https:\/\/projekt.kocia-oaza.com.pl\/wp-content\/uploads\/2026\/01\/ships-256209_1280-300x225.jpg 300w, https:\/\/projekt.kocia-oaza.com.pl\/wp-content\/uploads\/2026\/01\/ships-256209_1280-768x576.jpg 768w, https:\/\/projekt.kocia-oaza.com.pl\/wp-content\/uploads\/2026\/01\/ships-256209_1280.jpg 1280w\" sizes=\"(max-width: 1024px) 100vw, 1024px\" \/>\t\t\t\t\t\t\t\t\t\t\t\t\t\t\t<\/div>\n\t\t\t\t\t<\/div>\n\t\t\t\t<\/div>\n\t\t<div class=\"elementor-element elementor-element-100f18c e-flex e-con-boxed e-con e-parent\" data-id=\"100f18c\" data-element_type=\"container\">\n\t\t\t\t\t<div class=\"e-con-inner\">\n\t\t\t\t<div class=\"elementor-element elementor-element-3c835f8 elementor-widget elementor-widget-text-editor\" data-id=\"3c835f8\" data-element_type=\"widget\" data-widget_type=\"text-editor.default\">\n\t\t\t\t\t\t\t\t\t<h3 data-start=\"1312\" data-end=\"1331\"><strong data-start=\"1316\" data-end=\"1331\">Nasza misja<\/strong><\/h3><p data-start=\"1333\" data-end=\"1548\">Chcemy, aby wspinaczka by\u0142a dost\u0119pna dla ka\u017cdego. Niezale\u017cnie od wieku, do\u015bwiadczenia czy kondycji fizycznej. Wierzymy, \u017ce to sport, kt\u00f3ry uczy cierpliwo\u015bci, odwagi i zaufania \u2014 zar\u00f3wno do siebie, jak i do partnera.<\/p><p data-start=\"1550\" data-end=\"1586\">Tworzymy przestrze\u0144, w kt\u00f3rej mo\u017cna:<\/p><ul data-start=\"1587\" data-end=\"1704\"><li data-start=\"1587\" data-end=\"1615\"><p data-start=\"1589\" data-end=\"1615\">spr\u00f3bowa\u0107 czego\u015b nowego,<\/p><\/li><li data-start=\"1616\" data-end=\"1647\"><p data-start=\"1618\" data-end=\"1647\">prze\u0142amywa\u0107 w\u0142asne bariery,<\/p><\/li><li data-start=\"1648\" data-end=\"1704\"><p data-start=\"1650\" data-end=\"1704\">trenowa\u0107 regularnie lub po prostu dobrze sp\u0119dzi\u0107 czas.<\/p><\/li><\/ul><hr data-start=\"1706\" data-end=\"1709\" \/><h3 data-start=\"1711\" data-end=\"1743\"><strong data-start=\"1715\" data-end=\"1743\">Ludzie tworz\u0105 to miejsce<\/strong><\/h3><p data-start=\"1745\" data-end=\"1991\">Za \u201ePod sufitem\u201d stoi zesp\u00f3\u0142 pasjonat\u00f3w wspinaczki \u2014 instruktor\u00f3w, routesetter\u00f3w i trener\u00f3w, kt\u00f3rzy sami regularnie trenuj\u0105 i doskonale rozumiej\u0105 potrzeby wspinaczy.<br data-start=\"1910\" data-end=\"1913\" \/>Dbamy o bezpiecze\u0144stwo, ale te\u017c o atmosfer\u0119 \u2014 lu\u017an\u0105, wspieraj\u0105c\u0105 i bez presji.<\/p><p data-start=\"1993\" data-end=\"2083\">Ch\u0119tnie pomagamy pocz\u0105tkuj\u0105cym i motywujemy tych, kt\u00f3rzy stawiaj\u0105 sobie coraz wy\u017csze cele.<\/p><hr data-start=\"2085\" data-end=\"2088\" \/><h3 data-start=\"2090\" data-end=\"2113\"><strong data-start=\"2094\" data-end=\"2113\">Co nas wyr\u00f3\u017cnia?<\/strong><\/h3><ul data-start=\"2115\" data-end=\"2402\"><li data-start=\"2115\" data-end=\"2159\"><p data-start=\"2117\" data-end=\"2159\">Industrialna przestrze\u0144 starego magazynu<\/p><\/li><li data-start=\"2160\" data-end=\"2199\"><p data-start=\"2162\" data-end=\"2199\">Wysokie \u015bciany i zr\u00f3\u017cnicowane trasy<\/p><\/li><li data-start=\"2200\" data-end=\"2243\"><p data-start=\"2202\" data-end=\"2243\">Regularnie zmieniane drogi wspinaczkowe<\/p><\/li><li data-start=\"2244\" data-end=\"2281\"><p data-start=\"2246\" data-end=\"2281\">Profesjonalna kadra instruktorska<\/p><\/li><li data-start=\"2282\" data-end=\"2321\"><p data-start=\"2284\" data-end=\"2321\">Oferta dla dzieci, doros\u0142ych i firm<\/p><\/li><li data-start=\"2322\" data-end=\"2356\"><p data-start=\"2324\" data-end=\"2356\">Bezpieczny i nowoczesny sprz\u0119t<\/p><\/li><li data-start=\"2357\" data-end=\"2402\"><p data-start=\"2359\" data-end=\"2402\">Miejsce tworzone z pasji, nie z przypadku<\/p><\/li><\/ul><hr data-start=\"2404\" data-end=\"2407\" \/><h3 data-start=\"2409\" data-end=\"2448\"><strong data-start=\"2413\" data-end=\"2448\">Wi\u0119cej ni\u017c \u015bcianka wspinaczkowa<\/strong><\/h3><p data-start=\"2450\" data-end=\"2629\">\u201ePod sufitem\u201d to nie tylko trening. To miejsce spotka\u0144, rozm\u00f3w i wsp\u00f3lnej pasji. Po wspinaniu mo\u017cna odpocz\u0105\u0107 w strefie chill-out, napi\u0107 si\u0119 kawy i wymieni\u0107 do\u015bwiadczenia z innymi.<\/p><p data-start=\"2631\" data-end=\"2743\">Chcemy, aby ka\u017cdy, kto przekroczy nasze drzwi, poczu\u0142 si\u0119 swobodnie \u2014 jak w miejscu, do kt\u00f3rego chce si\u0119 wraca\u0107.<\/p><p data-start=\"2773\" data-end=\"2941\">\u00a0<\/p>\t\t\t\t\t\t\t\t<\/div>\n\t\t\t\t\t<\/div>\n\t\t\t\t<\/div>\n\t\t<div class=\"elementor-element elementor-element-31f71a9 e-flex e-con-boxed e-con e-parent\" data-id=\"31f71a9\" data-element_type=\"container\">\n\t\t\t\t\t<div class=\"e-con-inner\">\n\t\t\t\t<div class=\"elementor-element elementor-element-1f1521c elementor-widget elementor-widget-image\" data-id=\"1f1521c\" data-element_type=\"widget\" data-widget_type=\"image.default\">\n\t\t\t\t\t\t\t\t\t\t\t\t\t\t\t<img decoding=\"async\" width=\"225\" height=\"300\" src=\"https:\/\/projekt.kocia-oaza.com.pl\/wp-content\/uploads\/2026\/01\/climber-486025_1280-225x300.jpg\" class=\"attachment-medium size-medium wp-image-58\" alt=\"\" srcset=\"https:\/\/projekt.kocia-oaza.com.pl\/wp-content\/uploads\/2026\/01\/climber-486025_1280-225x300.jpg 225w, https:\/\/projekt.kocia-oaza.com.pl\/wp-content\/uploads\/2026\/01\/climber-486025_1280-768x1024.jpg 768w, https:\/\/projekt.kocia-oaza.com.pl\/wp-content\/uploads\/2026\/01\/climber-486025_1280.jpg 960w\" sizes=\"(max-width: 225px) 100vw, 225px\" \/>\t\t\t\t\t\t\t\t\t\t\t\t\t\t\t<\/div>\n\t\t\t\t\t<\/div>\n\t\t\t\t<\/div>\n\t\t<div class=\"elementor-element elementor-element-6ec5725 e-flex e-con-boxed e-con e-parent\" data-id=\"6ec5725\" data-element_type=\"container\">\n\t\t\t\t\t<div class=\"e-con-inner\">\n\t\t\t\t<div class=\"elementor-element elementor-element-135676d elementor-widget elementor-widget-text-editor\" data-id=\"135676d\" data-element_type=\"widget\" data-widget_type=\"text-editor.default\">\n\t\t\t\t\t\t\t\t\t<h3 data-start=\"2750\" data-end=\"2771\"><strong data-start=\"2754\" data-end=\"2771\">Do\u0142\u0105cz do nas!<\/strong><\/h3><p data-start=\"2773\" data-end=\"2941\">Je\u015bli szukasz przestrzeni, kt\u00f3ra inspiruje, motywuje i daje realn\u0105 satysfakcj\u0119 \u2014 jeste\u015b we w\u0142a\u015bciwym miejscu.<br data-start=\"2882\" data-end=\"2885\" \/>Wejd\u017a <strong data-start=\"2891\" data-end=\"2906\">Pod sufitem<\/strong> i odkryj, jak wysoko mo\u017cesz zaj\u015b\u0107.<\/p>\t\t\t\t\t\t\t\t<\/div>\n\t\t\t\t\t<\/div>\n\t\t\t\t<\/div>\n\t\t\t\t<\/div>\n\t\t","protected":false},"excerpt":{"rendered":"<p>Historia miejsca, kt\u00f3re dosta\u0142o drugie \u017cycie \u201ePod sufitem\u201d powsta\u0142o w przestrzeni starego magazynu, kt\u00f3ry przez lata by\u0142 niemym \u015bwiadkiem przemys\u0142owej historii miasta. Wysokie sufity, surowe \u015bciany i stalowe konstrukcje kiedy\u015b s\u0142u\u017cy\u0142y logistyce i pracy fizycznej. Dzi\u015b ta sama przestrze\u0144 wype\u0142nia si\u0119 ruchem, energi\u0105 i pasj\u0105 do wspinaczki. Pomys\u0142 na stworzenie \u015bcianki wspinaczkowej narodzi\u0142 si\u0119 z [&hellip;]<\/p>\n","protected":false},"author":1,"featured_media":0,"parent":0,"menu_order":0,"comment_status":"closed","ping_status":"closed","template":"","meta":{"footnotes":""},"class_list":["post-29","page","type-page","status-publish","hentry"],"_links":{"self":[{"href":"https:\/\/projekt.kocia-oaza.com.pl\/index.php\/wp-json\/wp\/v2\/pages\/29","targetHints":{"allow":["GET"]}}],"collection":[{"href":"https:\/\/projekt.kocia-oaza.com.pl\/index.php\/wp-json\/wp\/v2\/pages"}],"about":[{"href":"https:\/\/projekt.kocia-oaza.com.pl\/index.php\/wp-json\/wp\/v2\/types\/page"}],"author":[{"embeddable":true,"href":"https:\/\/projekt.kocia-oaza.com.pl\/index.php\/wp-json\/wp\/v2\/users\/1"}],"replies":[{"embeddable":true,"href":"https:\/\/projekt.kocia-oaza.com.pl\/index.php\/wp-json\/wp\/v2\/comments?post=29"}],"version-history":[{"count":21,"href":"https:\/\/projekt.kocia-oaza.com.pl\/index.php\/wp-json\/wp\/v2\/pages\/29\/revisions"}],"predecessor-version":[{"id":129,"href":"https:\/\/projekt.kocia-oaza.com.pl\/index.php\/wp-json\/wp\/v2\/pages\/29\/revisions\/129"}],"wp:attachment":[{"href":"https:\/\/projekt.kocia-oaza.com.pl\/index.php\/wp-json\/wp\/v2\/media?parent=29"}],"curies":[{"name":"wp","href":"https:\/\/api.w.org\/{rel}","templated":true}]}}